{"id":1566,"date":"2023-12-05T21:08:15","date_gmt":"2023-12-05T18:08:15","guid":{"rendered":"https:\/\/www.jasmineliteresidence.com\/?page_id=1566"},"modified":"2024-01-03T17:37:28","modified_gmt":"2024-01-03T14:37:28","slug":"surdurulebilirlik","status":"publish","type":"page","link":"https:\/\/www.jasmineliteresidence.com\/tr\/surdurulebilirlik\/","title":{"rendered":"S\u00fcrd\u00fcr\u00fclebilirlik"},"content":{"rendered":"<div id=\"sys\" class=\"vc_row wpb_row vc_row-fluid mpc-row\"><div class=\"wpb_column vc_column_container vc_col-sm-12 mpc-column\" data-column-id=\"mpc_column-9769ecff15aadf3\"><div class=\"vc_column-inner\"><div class=\"wpb_wrapper\"><div class=\"vc_empty_space\" style=\"height: 80px\"><span class=\"vc_empty_space_inner\"><\/span><\/div><h3 style=\"text-align: center;font-family:Abril Fatface;font-weight:400;font-style:normal\" class=\"vc_custom_heading\">S&uuml;rd&uuml;r&uuml;lebilirlik Y&ouml;netim Sistemimiz<\/h3><div class=\"vc_btn3-container vc_btn3-inline vc_custom_1701801596681\"><a class=\"vc_general vc_btn3 vc_btn3-size-md vc_btn3-shape-rounded vc_btn3-style-modern vc_btn3-color-primary\" href=\"#sr04\" title=\"\">&Ccedil;EVRE KORUMA VE ATIK Y&Ouml;NET&#304;M&#304; POL&#304;T&#304;KASI<\/a><\/div><div class=\"vc_btn3-container vc_btn3-inline vc_custom_1701801608674\"><a class=\"vc_general vc_btn3 vc_btn3-size-md vc_btn3-shape-rounded vc_btn3-style-modern vc_btn3-color-primary\" href=\"#sr05\" title=\"\">&Ccedil;OCUK HAKLARI POL&#304;T&#304;KASI<\/a><\/div><div class=\"vc_btn3-container vc_btn3-inline vc_custom_1701801616554\"><a class=\"vc_general vc_btn3 vc_btn3-size-md vc_btn3-shape-rounded vc_btn3-style-modern vc_btn3-color-primary\" href=\"#sr06\" title=\"\">KADIN HAKLARI VE C&#304;NS&#304;YET E&#350;&#304;TL&#304;&#286;&#304; POL&#304;T&#304;KASI<\/a><\/div><div class=\"vc_btn3-container vc_btn3-inline vc_custom_1701801625849\"><a class=\"vc_general vc_btn3 vc_btn3-size-md vc_btn3-shape-rounded vc_btn3-style-modern vc_btn3-color-primary\" href=\"#sr07\" title=\"\">ENERJ&#304; VER&#304;ML&#304;L&#304;&#286;&#304; POL&#304;T&#304;KASI<\/a><\/div><div class=\"vc_btn3-container vc_btn3-inline vc_custom_1701801637172\"><a class=\"vc_general vc_btn3 vc_btn3-size-md vc_btn3-shape-rounded vc_btn3-style-modern vc_btn3-color-primary\" href=\"#sr08\" title=\"\">S&Uuml;RD&Uuml;R&Uuml;LEB&#304;L&#304;R SATIN ALMA POL&#304;T&#304;KASI<\/a><\/div><div class=\"vc_separator wpb_content_element vc_separator_align_center vc_sep_width_100 vc_sep_pos_align_center vc_separator_no_text vc_sep_color_grey\"><span class=\"vc_sep_holder vc_sep_holder_l\"><span class=\"vc_sep_line\"><\/span><\/span><span class=\"vc_sep_holder vc_sep_holder_r\"><span class=\"vc_sep_line\"><\/span><\/span>\n<\/div><div class=\"vc_row wpb_row vc_inner vc_row-fluid mpc-row\"><div class=\"wpb_column vc_column_container vc_col-sm-6 mpc-column\" data-column-id=\"mpc_column-6669ecff15aa2c4\"><div class=\"vc_column-inner\"><div class=\"wpb_wrapper\">\n\t<div class=\"wpb_text_column wpb_content_element \">\n\t\t<div class=\"wpb_wrapper\">\n\t\t\t<p style=\"text-align: center;\"><a href=\"https:\/\/qr.tga.gov.tr\/sertifika\/7e13f0\" target=\"_blank\" rel=\"noopener\"><strong>SERT&#304;F&#304;KA BELGES&#304;<\/strong><\/a><\/p>\n\n\t\t<\/div>\n\t<\/div>\n\n\t<div class=\"wpb_single_image wpb_content_element vc_align_center\">\n\t\t\n\t\t<figure class=\"wpb_wrapper vc_figure\">\n\t\t\t<a href=\"https:\/\/qr.tga.gov.tr\/sertifika\/7e13f0\" target=\"_blank\" class=\"vc_single_image-wrapper   vc_box_border_grey\"><img width=\"150\" height=\"150\" src=\"https:\/\/www.jasmineliteresidence.com\/wp-content\/uploads\/2024\/01\/jasmin-sr1-150x150.jpeg\" class=\"vc_single_image-img attachment-thumbnail\" alt=\"\" loading=\"lazy\" srcset=\"https:\/\/www.jasmineliteresidence.com\/wp-content\/uploads\/2024\/01\/jasmin-sr1-150x150.jpeg 150w, https:\/\/www.jasmineliteresidence.com\/wp-content\/uploads\/2024\/01\/jasmin-sr1-300x300.jpeg 300w, https:\/\/www.jasmineliteresidence.com\/wp-content\/uploads\/2024\/01\/jasmin-sr1-768x768.jpeg 768w, https:\/\/www.jasmineliteresidence.com\/wp-content\/uploads\/2024\/01\/jasmin-sr1-146x146.jpeg 146w, https:\/\/www.jasmineliteresidence.com\/wp-content\/uploads\/2024\/01\/jasmin-sr1-50x50.jpeg 50w, https:\/\/www.jasmineliteresidence.com\/wp-content\/uploads\/2024\/01\/jasmin-sr1-75x75.jpeg 75w, https:\/\/www.jasmineliteresidence.com\/wp-content\/uploads\/2024\/01\/jasmin-sr1-85x85.jpeg 85w, https:\/\/www.jasmineliteresidence.com\/wp-content\/uploads\/2024\/01\/jasmin-sr1-80x80.jpeg 80w, https:\/\/www.jasmineliteresidence.com\/wp-content\/uploads\/2024\/01\/jasmin-sr1.jpeg 1025w\" sizes=\"(max-width: 150px) 100vw, 150px\"><\/a>\n\t\t<\/figure>\n\t<\/div>\n<\/div><\/div><\/div><div class=\"wpb_column vc_column_container vc_col-sm-6 mpc-column\" data-column-id=\"mpc_column-1169ecff15aab2e\"><div class=\"vc_column-inner\"><div class=\"wpb_wrapper\">\n\t<div class=\"wpb_text_column wpb_content_element \">\n\t\t<div class=\"wpb_wrapper\">\n\t\t\t<p style=\"text-align: center;\"><a href=\"https:\/\/me-qr.com\/yTJOzFUE\" target=\"_blank\" rel=\"noopener\"><strong>S&Uuml;RD&Uuml;R&Uuml;LEB&#304;L&#304;RL&#304;K RAPORU<\/strong><\/a><\/p>\n\n\t\t<\/div>\n\t<\/div>\n\n\t<div class=\"wpb_single_image wpb_content_element vc_align_center\">\n\t\t\n\t\t<figure class=\"wpb_wrapper vc_figure\">\n\t\t\t<a href=\"https:\/\/me-qr.com\/yTJOzFUE\" target=\"_blank\" class=\"vc_single_image-wrapper   vc_box_border_grey\"><img width=\"150\" height=\"150\" src=\"https:\/\/www.jasmineliteresidence.com\/wp-content\/uploads\/2024\/01\/jasmin-sr2-150x150.jpeg\" class=\"vc_single_image-img attachment-thumbnail\" alt=\"\" loading=\"lazy\" srcset=\"https:\/\/www.jasmineliteresidence.com\/wp-content\/uploads\/2024\/01\/jasmin-sr2-150x150.jpeg 150w, https:\/\/www.jasmineliteresidence.com\/wp-content\/uploads\/2024\/01\/jasmin-sr2-300x300.jpeg 300w, https:\/\/www.jasmineliteresidence.com\/wp-content\/uploads\/2024\/01\/jasmin-sr2-1024x1024.jpeg 1024w, https:\/\/www.jasmineliteresidence.com\/wp-content\/uploads\/2024\/01\/jasmin-sr2-768x768.jpeg 768w, https:\/\/www.jasmineliteresidence.com\/wp-content\/uploads\/2024\/01\/jasmin-sr2-1536x1536.jpeg 1536w, https:\/\/www.jasmineliteresidence.com\/wp-content\/uploads\/2024\/01\/jasmin-sr2-146x146.jpeg 146w, https:\/\/www.jasmineliteresidence.com\/wp-content\/uploads\/2024\/01\/jasmin-sr2-50x50.jpeg 50w, https:\/\/www.jasmineliteresidence.com\/wp-content\/uploads\/2024\/01\/jasmin-sr2-75x75.jpeg 75w, https:\/\/www.jasmineliteresidence.com\/wp-content\/uploads\/2024\/01\/jasmin-sr2-85x85.jpeg 85w, https:\/\/www.jasmineliteresidence.com\/wp-content\/uploads\/2024\/01\/jasmin-sr2-80x80.jpeg 80w, https:\/\/www.jasmineliteresidence.com\/wp-content\/uploads\/2024\/01\/jasmin-sr2.jpeg 1600w\" sizes=\"(max-width: 150px) 100vw, 150px\"><\/a>\n\t\t<\/figure>\n\t<\/div>\n<\/div><\/div><\/div><\/div><div class=\"vc_empty_space\" style=\"height: 80px\"><span class=\"vc_empty_space_inner\"><\/span><\/div><\/div><\/div><\/div><\/div><div id=\"sr04\" class=\"vc_row wpb_row vc_row-fluid mpc-row\"><div class=\"wpb_column vc_column_container vc_col-sm-12 mpc-column\" data-column-id=\"mpc_column-3269ecff15ab59d\"><div class=\"vc_column-inner\"><div class=\"wpb_wrapper\"><div class=\"vc_empty_space\" style=\"height: 80px\"><span class=\"vc_empty_space_inner\"><\/span><\/div>\n\t<div class=\"wpb_text_column wpb_content_element \">\n\t\t<div class=\"wpb_wrapper\">\n\t\t\t<h5><strong>&Ccedil;EVRE KORUMA VE ATIK Y&Ouml;NET&#304;M&#304; POL&#304;T&#304;KASI<\/strong><\/h5>\n<p>&#304;&#351;letmemizde &ccedil;evreyi korur, kirlenmesini &ouml;nler, &ccedil;evreye olan olumsuz etkilerimizi azaltarak korunmas&#305;na &ouml;nem veririz.<\/p>\n<p>Bunun i&ccedil;in;<\/p>\n<p>&#61692; Yasal d&uuml;zenlemelere uyum sa&#287;lar &ccedil;evre etkimizi azaltmaya &ccedil;al&#305;&#351;&#305;r&#305;z.<br>\n&#61692; At&#305;klar&#305;m&#305;z&#305; kayna&#287;&#305;na, gruplar&#305;na ve tehlike s&#305;n&#305;flar&#305;na g&ouml;re etkin &#351;ekilde ay&#305;rmaya &ouml;zen g&ouml;steririz.<br>\n&#61692; Tehlikeli maddeler ve kimyasallar&#305;n yaln&#305;zca ihtiya&ccedil; durumunda ve gerekti&#287;i kadar kullan&#305;lmas&#305;n&#305;n hem &ccedil;evreye olan negatif etkileri hem de at&#305;k miktar&#305;n&#305; azaltaca&#287;&#305;n&#305; biliriz.<br>\n&#61692; &#304;&#351;letmemizde ald&#305;&#287;&#305;m&#305;z malzemelerde &ldquo;geri d&ouml;n&uuml;&#351;&uuml;m&rdquo; ve &ldquo;&ccedil;evre dostu&rdquo; etiketi olanlar&#305; tercih ederek do&#287;ay&#305; korumaya katk&#305;da bulunuruz. Yeniden kullan&#305;m f&#305;rsatlar&#305; yaratmaya &ccedil;al&#305;&#351;&#305;r&#305;z.<br>\n&#61692; K&acirc;&#287;&#305;t, pe&ccedil;ete, tuvalet k&acirc;&#287;&#305;d&#305;, ambalaj gibi tek kullan&#305;ml&#305;k malzemeleri gerekti&#287;i kadar kullan&#305;p do&#287;aya daha az at&#305;k b&#305;rakmaya &ouml;zen g&ouml;steririz.<br>\n&#61692; At&#305;klar&#305; do&#287;ru &#351;ekilde, &ouml;zelliklerine g&ouml;re ayr&#305; alanlarda depolar, yasal depolama s&uuml;re s&#305;n&#305;rlar&#305;n&#305; a&#351;madan lisansl&#305;\/yetkili firmalara teslim ederek, kay&#305;tlar&#305;n&#305; muhafaza ederiz,<br>\n&#61692; Su, enerji ve t&uuml;m do&#287;al kaynaklar&#305; tasarruflu kullanmaya &ccedil;al&#305;&#351;&#305;r&#305;z. Bu hassasiyetimizi &ccedil;al&#305;&#351;anlar&#305;m&#305;z, misafirlerimiz, tedarik&ccedil;ilerimiz ile payla&#351;&#305;r&#305;z.<br>\n&#61692; &Ccedil;evre y&ouml;netimi konusundaki performans&#305;m&#305;z&#305; &ouml;l&ccedil;er, bu verileri hedefler ile izler ve performans&#305;m&#305;z&#305; geli&#351;tirmeye &ccedil;al&#305;&#351;&#305;r&#305;z.<br>\n&#61692; &Ccedil;al&#305;&#351;anlar&#305;m&#305;z&#305; &ccedil;evre konusunda e&#287;itmeyi ve duyarl&#305;l&#305;klar&#305;n&#305; art&#305;rmay&#305; ama&ccedil;lar&#305;z.<\/p>\n\n\t\t<\/div>\n\t<\/div>\n<div class=\"vc_btn3-container vc_btn3-center\"><a class=\"vc_general vc_btn3 vc_btn3-size-md vc_btn3-shape-rounded vc_btn3-style-modern vc_btn3-color-primary\" href=\"#Subheader\" title=\"\">S&Uuml;RD&Uuml;R&Uuml;LEB&#304;L&#304;RL&#304;K MEN&Uuml;<\/a><\/div><\/div><\/div><\/div><\/div><div id=\"sr05\" class=\"vc_row wpb_row vc_row-fluid mpc-row\"><div class=\"wpb_column vc_column_container vc_col-sm-12 mpc-column\" data-column-id=\"mpc_column-969ecff15abcde\"><div class=\"vc_column-inner\"><div class=\"wpb_wrapper\"><div class=\"vc_separator wpb_content_element vc_separator_align_center vc_sep_width_100 vc_sep_pos_align_center vc_separator_no_text vc_sep_color_grey\"><span class=\"vc_sep_holder vc_sep_holder_l\"><span class=\"vc_sep_line\"><\/span><\/span><span class=\"vc_sep_holder vc_sep_holder_r\"><span class=\"vc_sep_line\"><\/span><\/span>\n<\/div><div class=\"vc_empty_space\" style=\"height: 80px\"><span class=\"vc_empty_space_inner\"><\/span><\/div>\n\t<div class=\"wpb_text_column wpb_content_element \">\n\t\t<div class=\"wpb_wrapper\">\n\t\t\t<h5><strong>&Ccedil;OCUK HAKLARI POL&#304;T&#304;KASI<\/strong><\/h5>\n<p>&Ccedil;ocuklar bize gelece&#287;in emanetleridir. Onlar&#305; bir birey olarak tan&#305;mak, haklar&#305;na sayg&#305; duymak, her t&uuml;rl&uuml; psikolojik, fiziksel, ticari vb. s&ouml;m&uuml;r&uuml;ye kar&#351;&#305; g&ouml;zetmek ve korumak &ouml;ncelikli sorumlulu&#287;umuzdur.<\/p>\n<p>Bunu sa&#287;lamak i&ccedil;in;<\/p>\n<p>&#61692; Kendi kurumlar&#305;m&#305;zda &ccedil;ocuk i&#351;&ccedil;i &ccedil;al&#305;&#351;t&#305;r&#305;lmas&#305;na m&uuml;saade etmez ve t&uuml;m i&#351; ortaklar&#305;m&#305;zdan da ayn&#305; hassasiyeti bekleriz.<br>\n&#61692; &#304;&#351;letme i&ccedil;erisinde &ccedil;ocuklar&#305;n geli&#351;imine katk&#305;da bulunan, d&uuml;&#351;&uuml;nce ve isteklerini, duygular&#305;n&#305; rahat&ccedil;a ifade edebilecekleri, kendilerini &ouml;zg&uuml;r ve rahat hissedecekleri ortamlar\/imkanlar sunar&#305;z.<br>\n&#61692; &Ccedil;al&#305;&#351;anlar&#305;m&#305;za, &ccedil;ocuk istismar&#305;n&#305;n &ouml;nlenmesi ve fark edilmesi konusunda e&#287;itimler veririz.<br>\n&#61692; &Ccedil;ocuklar&#305;n kat&#305;ld&#305;klar&#305; aktivitelerde yeti&#351;kin g&ouml;zetimi alt&#305;nda olduklar&#305;ndan emin oluruz.<br>\n&#61692; &Ccedil;ocuk haklar&#305;n&#305;n korunmas&#305; konusunda fark&#305;ndal&#305;k yaratmak i&ccedil;in e&#287;itimler d&uuml;zenler ve ilgili projelere destek veririz.<br>\n&#61692; &Ccedil;ocuklar ile ilgili &#351;&uuml;pheli eylemlere &#351;ahit oldu&#287;umuzda &ouml;ncelikle otel y&ouml;netimine bilgi verir, gerekli g&ouml;r&uuml;len durumlarda resmi kurulu&#351;lardan yard&#305;m isteriz.<\/p>\n\n\t\t<\/div>\n\t<\/div>\n<div class=\"vc_btn3-container vc_btn3-center\"><a class=\"vc_general vc_btn3 vc_btn3-size-md vc_btn3-shape-rounded vc_btn3-style-modern vc_btn3-color-primary\" href=\"#Subheader\" title=\"\">S&Uuml;RD&Uuml;R&Uuml;LEB&#304;L&#304;RL&#304;K MEN&Uuml;<\/a><\/div><\/div><\/div><\/div><\/div><div id=\"sr06\" class=\"vc_row wpb_row vc_row-fluid mpc-row\"><div class=\"wpb_column vc_column_container vc_col-sm-12 mpc-column\" data-column-id=\"mpc_column-3769ecff15ac357\"><div class=\"vc_column-inner\"><div class=\"wpb_wrapper\"><div class=\"vc_separator wpb_content_element vc_separator_align_center vc_sep_width_100 vc_sep_pos_align_center vc_separator_no_text vc_sep_color_grey\"><span class=\"vc_sep_holder vc_sep_holder_l\"><span class=\"vc_sep_line\"><\/span><\/span><span class=\"vc_sep_holder vc_sep_holder_r\"><span class=\"vc_sep_line\"><\/span><\/span>\n<\/div><div class=\"vc_empty_space\" style=\"height: 80px\"><span class=\"vc_empty_space_inner\"><\/span><\/div>\n\t<div class=\"wpb_text_column wpb_content_element \">\n\t\t<div class=\"wpb_wrapper\">\n\t\t\t<h5><strong>KADIN HAKLARI VE C&#304;NS&#304;YET E&#350;&#304;TL&#304;&#286;&#304; POL&#304;T&#304;KASI<\/strong><\/h5>\n<p>&#304;&#351;letmemizde cinsiyet e&#351;itli&#287;ine &ouml;nem veririz.<\/p>\n<p>&#61692; Cinsiyet fark&#305; g&ouml;zetmeksizin t&uuml;m &ccedil;al&#305;&#351;anlar&#305;m&#305;z&#305;n sa&#287;l&#305;k, g&uuml;venlik ve refahlar&#305;n&#305; sa&#287;lar&#305;z.<br>\n&#61692; Kad&#305;nlar&#305;n i&#351; g&uuml;c&uuml;ne kat&#305;l&#305;m&#305;n&#305; t&uuml;m departmanlar&#305;m&#305;zda destekler, e&#351;it f&#305;rsatlar sunar&#305;z.<br>\n&#61692; Cinsiyet ayr&#305;m&#305; yapmadan &laquo;e&#351;it i&#351;e e&#351;it &uuml;cret&raquo; politikas&#305; ile hareket ederiz.<br>\n&#61692; E&#351;itlik ilkesi g&ouml;zetilerek g&ouml;rev da&#287;&#305;l&#305;m&#305; yapar&#305;z.<br>\n&#61692; Kariyer f&#305;rsatlar&#305;ndan e&#351;it d&uuml;zeyde faydalan&#305;lmas&#305; i&ccedil;in gerekli ortam&#305; sa&#287;lar&#305;z.<br>\n&#61692; E&#287;itim politikalar&#305; olu&#351;turur, kad&#305;nlar&#305;n kat&#305;l&#305;m&#305;na ve fark&#305;ndal&#305;&#287;&#305;n artmas&#305;na destek oluruz.<br>\n&#61692; &#304;&#351;-aile ya&#351;am dengesini koruyan &ccedil;al&#305;&#351;ma ortam&#305; ve uygulamalar&#305;n&#305; olu&#351;tururuz.<br>\n&#61692; Kad&#305;nlar&#305;n &#351;irket y&ouml;netiminde olmalar&#305; i&ccedil;in destek verir, e&#351;it f&#305;rsatlar sunar&#305;z.<br>\n&#61692; Kad&#305;nlar&#305;n hi&ccedil;bir &#351;ekilde istismar, taciz, ayr&#305;mc&#305;l&#305;k, bast&#305;r&#305;lma, zorlama, iftira vb. durumlara maruz kalmas&#305;na m&uuml;saade etmeyiz. D&uuml;nyaya ve kurumumuza katt&#305;klar&#305; de&#287;erin daima fark&#305;nda olur ve varl&#305;klar&#305;n&#305; destekleriz.<\/p>\n\n\t\t<\/div>\n\t<\/div>\n<div class=\"vc_btn3-container vc_btn3-center\"><a class=\"vc_general vc_btn3 vc_btn3-size-md vc_btn3-shape-rounded vc_btn3-style-modern vc_btn3-color-primary\" href=\"#Subheader\" title=\"\">S&Uuml;RD&Uuml;R&Uuml;LEB&#304;L&#304;RL&#304;K MEN&Uuml;<\/a><\/div><\/div><\/div><\/div><\/div><div id=\"sr07\" class=\"vc_row wpb_row vc_row-fluid mpc-row\"><div class=\"wpb_column vc_column_container vc_col-sm-12 mpc-column\" data-column-id=\"mpc_column-3769ecff15ac9e4\"><div class=\"vc_column-inner\"><div class=\"wpb_wrapper\"><div class=\"vc_separator wpb_content_element vc_separator_align_center vc_sep_width_100 vc_sep_pos_align_center vc_separator_no_text vc_sep_color_grey\"><span class=\"vc_sep_holder vc_sep_holder_l\"><span class=\"vc_sep_line\"><\/span><\/span><span class=\"vc_sep_holder vc_sep_holder_r\"><span class=\"vc_sep_line\"><\/span><\/span>\n<\/div><div class=\"vc_empty_space\" style=\"height: 80px\"><span class=\"vc_empty_space_inner\"><\/span><\/div>\n\t<div class=\"wpb_text_column wpb_content_element \">\n\t\t<div class=\"wpb_wrapper\">\n\t\t\t<h5><strong>ENERJ&#304; VER&#304;ML&#304;L&#304;&#286;&#304; POL&#304;T&#304;KASI<\/strong><\/h5>\n<p>D&uuml;nyam&#305;z&#305; olas&#305; tehlikelerden korumak i&ccedil;in enerjimizi verimli kullan&#305;yor ve enerji sarfiyat&#305;m&#305;z&#305; azaltmak i&ccedil;in hedefler belirliyoruz.<\/p>\n<p>Bunun i&ccedil;in;<\/p>\n<p>&#61692; Hem do&#287;aya kar&#351;&#305; sorumluluklar&#305;m&#305;z hem de yasal y&uuml;k&uuml;ml&uuml;l&uuml;klerimizi yerine getirmek &uuml;zere ulusal ve uluslararas&#305; standartlar&#305;, yasa ve d&uuml;zenlemeleri takip eder, enerji kullan&#305;m&#305;n&#305; azaltma ve\/veya enerji t&uuml;ketim performans&#305;m&#305;z&#305;n s&uuml;rekli iyile&#351;tirilmesini sa&#287;layacak &ccedil;al&#305;&#351;malar&#305; g&ouml;n&uuml;ll&uuml; olarak y&uuml;r&uuml;t&uuml;r, &ccedil;al&#305;&#351;malar&#305;m&#305;z&#305;n sonu&ccedil;lar&#305;n&#305; takip ederiz.<br>\n&#61692; Hedefler koyar, &ccedil;al&#305;&#351;anlar&#305;m&#305;z&#305;n da kat&#305;l&#305;m&#305;n&#305; sa&#287;lamak amac&#305;yla e&#287;itim programlar&#305;m&#305;zda enerji verimlili&#287;ine yer veririz.<br>\n&#61692; T&uuml;m payda&#351;lar&#305;m&#305;zla enerji y&ouml;netimi konusunda ortak ama&ccedil;lar ve sonu&ccedil;lar yaratmak &uuml;zere i&#351; birli&#287;i yapmay&#305; &ouml;nemseriz. Bu konularda misafirlerimiz, &ccedil;al&#305;&#351;anlar&#305;m&#305;z, ziyaret&ccedil;ilerimiz ve t&uuml;m i&#351; ortaklar&#305;m&#305;z ile birlikte topyek&ucirc;n bir fark&#305;ndal&#305;k ve bilin&ccedil; seviyesine ula&#351;&#305;lmas&#305; ad&#305;na etkile&#351;imimizi s&uuml;rd&uuml;rmeye &ccedil;al&#305;&#351;&#305;r&#305;z.<br>\n&#61692; Enerji verimli uygun &uuml;r&uuml;n, ekipman, te&ccedil;hizat ve teknoloji alternatiflerini ara&#351;t&#305;r&#305;p bulmaya, sat&#305;n almaya ve kullanmaya &ccedil;al&#305;&#351;&#305;r&#305;z.<br>\n&#61692; Enerji Y&ouml;netim Sistemimizi dok&uuml;mante etmeyi, t&uuml;m departmanlar&#305;m&#305;za yaymay&#305;, gerekti&#287;inde g&uuml;ncellemeyi, g&ouml;zden ge&ccedil;irmeyi ve s&uuml;rekli olarak iyile&#351;tirmeyi hedefleriz.<br>\n&#61692; Enerji risklerini veya enerji k&#305;s&#305;t&#305; gibi do&#287;abilecek acil durumlar&#305; de&#287;erlendirir, al&#305;nabilecek &ouml;nlemleri planlar&#305;z.<\/p>\n\n\t\t<\/div>\n\t<\/div>\n<div class=\"vc_btn3-container vc_btn3-center\"><a class=\"vc_general vc_btn3 vc_btn3-size-md vc_btn3-shape-rounded vc_btn3-style-modern vc_btn3-color-primary\" href=\"#Subheader\" title=\"\">S&Uuml;RD&Uuml;R&Uuml;LEB&#304;L&#304;RL&#304;K MEN&Uuml;<\/a><\/div><\/div><\/div><\/div><\/div><div id=\"sr08\" class=\"vc_row wpb_row vc_row-fluid mpc-row\"><div class=\"wpb_column vc_column_container vc_col-sm-12 mpc-column\" data-column-id=\"mpc_column-2169ecff15ad09c\"><div class=\"vc_column-inner\"><div class=\"wpb_wrapper\"><div class=\"vc_separator wpb_content_element vc_separator_align_center vc_sep_width_100 vc_sep_pos_align_center vc_separator_no_text vc_sep_color_grey\"><span class=\"vc_sep_holder vc_sep_holder_l\"><span class=\"vc_sep_line\"><\/span><\/span><span class=\"vc_sep_holder vc_sep_holder_r\"><span class=\"vc_sep_line\"><\/span><\/span>\n<\/div><div class=\"vc_empty_space\" style=\"height: 80px\"><span class=\"vc_empty_space_inner\"><\/span><\/div>\n\t<div class=\"wpb_text_column wpb_content_element \">\n\t\t<div class=\"wpb_wrapper\">\n\t\t\t<h5><strong>S&Uuml;RD&Uuml;R&Uuml;LEB&#304;L&#304;R SATIN ALMA POL&#304;T&#304;KASI<\/strong><\/h5>\n<p>S&uuml;rd&uuml;r&uuml;lebilir tedarik anlay&#305;&#351;&#305; do&#287;rultusunda tedarik&ccedil;ilerimizin\/&ccedil;&ouml;z&uuml;m ortaklar&#305;m&#305;z&#305;n;<\/p>\n<p>&#61692; Kalite G&uuml;vence Y&ouml;netim Sistemleri, &Ccedil;evre ve &#304;&#351; Sa&#287;l&#305;&#287;&#305; G&uuml;venli&#287;i Y&ouml;netim Sistemleri, uluslararas&#305; d&uuml;zeyde kabul g&ouml;rm&uuml;&#351; &ccedil;evre ve s&uuml;rd&uuml;r&uuml;lebilirlik etiketlerine\/sertifikalar&#305;na sahip olmas&#305;na,<br>\n&#61692; &Uuml;retim ve tedarikte, &ccedil;evreye zararl&#305; etkilerinin olmamas&#305;na, &ccedil;evre mevzuatlar&#305;na uyuyor olmas&#305;na,<br>\n&#61692; Kaynaklar&#305;; do&#287;al ya&#351;ama, ekosisteme zarar vermeden, uygun bir &#351;ekilde kullan&#305;yor\/t&uuml;ketiyor olmas&#305;na, avlanma yasaklar&#305;na uyuyor olmas&#305;na,<br>\n&#61692; At&#305;klar&#305;n&#305; en aza indirmek ve do&#287;ru y&ouml;netmek i&ccedil;in &ccedil;al&#305;&#351;&#305;yor olmas&#305;na, &uuml;r&uuml;n ambalajlar&#305;nda daha az ambalajlamaya veya d&ouml;kme ambalajlama alternatifleri sunuyor olmas&#305;na,<br>\n&#61692; &Ccedil;evre dostu, tasarruflu, y&ouml;resel, etik de&#287;erlere &ouml;nem veren, geri d&ouml;n&uuml;&#351;ebilir veya geri d&ouml;n&uuml;&#351;t&uuml;r&uuml;lm&uuml;&#351; malzeme kullanan, organik, bio, vegan, hayvanlar &uuml;zerinde denenmemi&#351;, zararl&#305; kimyasal bile&#351;enler i&ccedil;ermeyen vb. alternatifleri sunmalar&#305;na,<br>\n&#61692; Yerli ve yerel &uuml;retim\/hizmet sa&#287;lay&#305;c&#305;s&#305; olmas&#305;na,<br>\n&#61692; &Uuml;lkemizin\/b&ouml;lgemizin mutfa&#287;&#305;n&#305;, geleneklerini, k&uuml;lt&uuml;r&uuml;n&uuml; yans&#305;tan\/tan&#305;tan &uuml;r&uuml;n\/hizmet olmas&#305;na,<br>\n&Ouml;nem verir ve bu bak&#305;&#351; a&ccedil;&#305;m&#305;z&#305; payda&#351; tedarik&ccedil;ilerimize iletiriz. Tedarik&ccedil;ilerimiz ile birlikte verimli sat&#305;n alma f&#305;rsatlar&#305; yaratmaya &ccedil;al&#305;&#351;&#305;r, tedarik s&uuml;re&ccedil;lerinden do&#287;an &ccedil;evre etkilerini azaltmay&#305; hedefleriz.<\/p>\n\n\t\t<\/div>\n\t<\/div>\n<div class=\"vc_btn3-container vc_btn3-center\"><a class=\"vc_general vc_btn3 vc_btn3-size-md vc_btn3-shape-rounded vc_btn3-style-modern vc_btn3-color-primary\" href=\"#Subheader\" title=\"\">S&Uuml;RD&Uuml;R&Uuml;LEB&#304;L&#304;RL&#304;K MEN&Uuml;<\/a><\/div><\/div><\/div><\/div><\/div>\n","protected":false},"excerpt":{"rendered":"S&uuml;rd&uuml;r&uuml;lebilirlik Y&ouml;netim Sistemimiz&Ccedil;EVRE KORUMA VE ATIK Y&Ouml;NET&#304;M&#304; POL&#304;T&#304;KASI&Ccedil;OCUK HAKLARI POL&#304;T&#304;KASIKADIN HAKLARI VE C&#304;NS&#304;YET E&#350;&#304;TL&#304;&#286;&#304; POL&#304;T&#304;KASIENERJ&#304; VER&#304;ML&#304;L&#304;&#286;&#304; POL&#304;T&#304;KASIS&Uuml;RD&Uuml;R&Uuml;LEB&#304;L&#304;R SATIN ALMA POL&#304;T&#304;KASI SERT&#304;F&#304;KA BELGES&#304; S&Uuml;RD&Uuml;R&Uuml;LEB&#304;L&#304;RL&#304;K RAPORU &Ccedil;EVRE KORUMA","protected":false},"author":1,"featured_media":0,"parent":0,"menu_order":0,"comment_status":"closed","ping_status":"closed","template":"","meta":[],"_links":{"self":[{"href":"https:\/\/www.jasmineliteresidence.com\/tr\/wp-json\/wp\/v2\/pages\/1566"}],"collection":[{"href":"https:\/\/www.jasmineliteresidence.com\/tr\/wp-json\/wp\/v2\/pages"}],"about":[{"href":"https:\/\/www.jasmineliteresidence.com\/tr\/wp-json\/wp\/v2\/types\/page"}],"author":[{"embeddable":true,"href":"https:\/\/www.jasmineliteresidence.com\/tr\/wp-json\/wp\/v2\/users\/1"}],"replies":[{"embeddable":true,"href":"https:\/\/www.jasmineliteresidence.com\/tr\/wp-json\/wp\/v2\/comments?post=1566"}],"version-history":[{"count":20,"href":"https:\/\/www.jasmineliteresidence.com\/tr\/wp-json\/wp\/v2\/pages\/1566\/revisions"}],"predecessor-version":[{"id":1593,"href":"https:\/\/www.jasmineliteresidence.com\/tr\/wp-json\/wp\/v2\/pages\/1566\/revisions\/1593"}],"wp:attachment":[{"href":"https:\/\/www.jasmineliteresidence.com\/tr\/wp-json\/wp\/v2\/media?parent=1566"}],"curies":[{"name":"wp","href":"https:\/\/api.w.org\/{rel}","templated":true}]}}