{"id":1556,"date":"2023-09-28T13:00:41","date_gmt":"2023-09-28T10:00:41","guid":{"rendered":"https:\/\/www.jasmineliteresidence.com\/booking\/"},"modified":"2023-09-28T13:12:32","modified_gmt":"2023-09-28T10:12:32","slug":"booking","status":"publish","type":"page","link":"https:\/\/www.jasmineliteresidence.com\/tr\/booking\/","title":{"rendered":"Rezervasyon"},"content":{"rendered":"\t\t<div data-elementor-type=\"wp-page\" data-elementor-id=\"1556\" class=\"elementor elementor-1556 elementor-1551\" data-elementor-settings=\"[]\">\n\t\t\t\t\t\t<div class=\"elementor-inner\">\n\t\t\t\t\t\t\t<div class=\"elementor-section-wrap\">\n\t\t\t\t\t\t\t<section class=\"elementor-section elementor-top-section elementor-element elementor-element-98ca860 elementor-section-stretched elementor-section-boxed elementor-section-height-default elementor-section-height-default\" data-id=\"98ca860\" data-element_type=\"section\" data-settings=\"{&quot;stretch_section&quot;:&quot;section-stretched&quot;}\">\n\t\t\t\t\t\t<div class=\"elementor-container elementor-column-gap-no\">\n\t\t\t\t\t\t\t<div class=\"elementor-row\">\n\t\t\t\t\t<div class=\"elementor-column elementor-col-100 elementor-top-column elementor-element elementor-element-6e91c87\" data-id=\"6e91c87\" data-element_type=\"column\">\n\t\t\t<div class=\"elementor-column-wrap elementor-element-populated\">\n\t\t\t\t\t\t\t<div class=\"elementor-widget-wrap\">\n\t\t\t\t\t\t<div class=\"elementor-element elementor-element-76b58f0 elementor-widget elementor-widget-html\" data-id=\"76b58f0\" data-element_type=\"widget\" data-widget_type=\"html.default\">\n\t\t\t\t<div class=\"elementor-widget-container\">\n\t\t\t<!-- start Booking form script -->\r\n<p id='be-anchor'>A\u015fa\u011f\u0131daki formu kullanarak odalar\u0131m\u0131z\u0131 \u00e7evrimi\u00e7i olarak rezerve edebilir ve garantili bir rezervasyon alabilirsiniz.<\/p>\r\n<div id='be-booking-form'>\u00a0<\/div>\r\n<!-- end Booking form script -->\t\t<\/div>\n\t\t\t\t<\/div>\n\t\t\t\t\t\t<\/div>\n\t\t\t\t\t<\/div>\n\t\t<\/div>\n\t\t\t\t\t\t\t\t<\/div>\n\t\t\t\t\t<\/div>\n\t\t<\/section>\n\t\t\t\t\t\t<\/div>\n\t\t\t\t\t\t<\/div>\n\t\t\t\t\t<\/div>\n\t\t","protected":false},"excerpt":{"rendered":"<p>A\u015fa\u011f\u0131daki formu kullanarak odalar\u0131m\u0131z\u0131 \u00e7evrimi\u00e7i olarak rezerve edebilir ve garantili bir rezervasyon alabilirsiniz. \u00a0<\/p>\n","protected":false},"author":1,"featured_media":0,"parent":0,"menu_order":0,"comment_status":"closed","ping_status":"closed","template":"","meta":[],"_links":{"self":[{"href":"https:\/\/www.jasmineliteresidence.com\/tr\/wp-json\/wp\/v2\/pages\/1556"}],"collection":[{"href":"https:\/\/www.jasmineliteresidence.com\/tr\/wp-json\/wp\/v2\/pages"}],"about":[{"href":"https:\/\/www.jasmineliteresidence.com\/tr\/wp-json\/wp\/v2\/types\/page"}],"author":[{"embeddable":true,"href":"https:\/\/www.jasmineliteresidence.com\/tr\/wp-json\/wp\/v2\/users\/1"}],"replies":[{"embeddable":true,"href":"https:\/\/www.jasmineliteresidence.com\/tr\/wp-json\/wp\/v2\/comments?post=1556"}],"version-history":[{"count":2,"href":"https:\/\/www.jasmineliteresidence.com\/tr\/wp-json\/wp\/v2\/pages\/1556\/revisions"}],"predecessor-version":[{"id":1558,"href":"https:\/\/www.jasmineliteresidence.com\/tr\/wp-json\/wp\/v2\/pages\/1556\/revisions\/1558"}],"wp:attachment":[{"href":"https:\/\/www.jasmineliteresidence.com\/tr\/wp-json\/wp\/v2\/media?parent=1556"}],"curies":[{"name":"wp","href":"https:\/\/api.w.org\/{rel}","templated":true}]}}